{"id":1473,"date":"2016-08-01T15:23:45","date_gmt":"2016-08-01T15:23:45","guid":{"rendered":"http:\/\/www.filtre-a-fournaise.ca\/en\/produit\/filtre-echangeur-dair-e110-tf\/"},"modified":"2023-07-18T19:29:42","modified_gmt":"2023-07-18T19:29:42","slug":"air-filters-e110-tf","status":"publish","type":"product","link":"https:\/\/www.filtre-a-fournaise.ca\/en\/produit\/air-filters-e110-tf\/","title":{"rendered":"Air Exchanger Filter E110-TF  Aldes"},"content":{"rendered":"<h6><span style=\"color: #ffffff;\">Filtre \u00e9changeur d\u2019air E110-TF \u00a0A\u00e9romatic.\u00a0Filtre \u00e9changeur d\u2019air E110-TF \u00a0A\u00e9romatic.\u00a0Filtre \u00e9changeur d\u2019air E110-TF \u00a0A\u00e9romatic.\u00a0Filtre \u00e9changeur d\u2019air E110-TF \u00a0A\u00e9romatic<\/span><\/h6>\n<h2><\/h2>\n<h2><span style=\"color: #009ee3;\">Foire aux questions :<\/span><\/h2>\n<div class=\"accordion\">\n\t<div id=\"accordion-574292391\" class=\"accordion-item\">\n\t\t<a id=\"accordion-574292391-label\" class=\"accordion-title plain\" href=\"#accordion-item-pourquoi-changer-son-filtre-?\" aria-expanded=\"false\" aria-controls=\"accordion-574292391-content\">\n\t\t\t<button class=\"toggle\" aria-label=\"Toggle\"><i class=\"icon-angle-down\" aria-hidden=\"true\"><\/i><\/button>\n\t\t\t<span>Pourquoi changer son filtre ?<\/span>\n\t\t<\/a>\n\t\t<div id=\"accordion-574292391-content\" class=\"accordion-inner\" aria-labelledby=\"accordion-574292391-label\">\n\t\t\t\n<p class=\"p1\"><span class=\"s1\">Am\u00e9liore la qualit\u00e9 de l\u2019air que vous respirez<\/span><\/p>\n<p class=\"p1\"><span class=\"s1\">Pour garder vos conduits de ventilation propres. Les conduits de retour (aspiration) seront toujours poussi\u00e9reux et c\u2019est normal. Si la fr\u00e9quence de remplacement de votre filtre est faite avec vigilance, vos conduits d\u2019alimentation (pouss<\/span><span class=\"s2\">\u00e9e<\/span><span class=\"s1\"> d\u2019air) resteront propres.<\/span><\/p>\n<p class=\"p1\"><span class=\"s1\">Pour diminuer vos co\u00fbts de chauffage. Un filtre sale laisse passer moins d\u2019air, le moteur de votre fournaise force et consomme plus d\u2019\u00e9lectricit\u00e9 pour pousser la bonne quantit\u00e9 d\u2019air. Le moteur quant \u00e0 lui surchauffe aussi et s\u2019use plus rapidement.<\/span><\/p>\n<p class=\"p1\"><span class=\"s1\">Pour que le serpentin (\u00e9vaporateur, coil) de votre thermopompe ou climatiseur reste propre et continue \u00e0 donner un bon rendement. Le filtre \u00e9tant toujours plac\u00e9 avant le serpentin de climatisation\/chauffage si le filtre est toujours remplac\u00e9 lorsqu\u2019il est trop <\/span><span class=\"s2\">sale, de<\/span><span class=\"s1\"> la poussi\u00e8re passe tout droit et s\u2019accumule sur le serpentin. Un serpentin obstru\u00e9 de poussi\u00e8re laisse moins passer d\u2019air et rend votre thermopompe ou climatiseur moins performant.<\/span><\/p>\n<p class=\"p1\"><span class=\"s1\">En mode climatisation, un filtre trop sale emp\u00eache l\u2019air de bien passer sur un serpentin et peut le faire geler. Vous manquerez donc de climatisation et de l\u2019eau peut s\u2019\u00e9couler autour de la fournaise lorsqu\u2019elle d\u00e9g\u00e8le.<\/span><\/p>\n<p class=\"p1\"><span class=\"s1\">Pour que la temp\u00e9rature et la pression du r\u00e9frig\u00e9rant de votre thermopompe ou climatiseur retourne \u00e0 l\u2019ext\u00e9rieure comme elle le devrait et ainsi pr\u00e9server votre compresseur et autres composante<\/span><span class=\"s2\">s<\/span><span class=\"s1\"> plus longtemps<\/span><\/p>\n\t\t<\/div>\n\t<\/div>\n\t\n\t<div id=\"accordion-1512118049\" class=\"accordion-item\">\n\t\t<a id=\"accordion-1512118049-label\" class=\"accordion-title plain\" href=\"#accordion-item-comment-trouver-mon-filtre-\u00e0-fournaise-?\" aria-expanded=\"false\" aria-controls=\"accordion-1512118049-content\">\n\t\t\t<button class=\"toggle\" aria-label=\"Toggle\"><i class=\"icon-angle-down\" aria-hidden=\"true\"><\/i><\/button>\n\t\t\t<span>Comment trouver mon filtre \u00e0 fournaise ?<\/span>\n\t\t<\/a>\n\t\t<div id=\"accordion-1512118049-content\" class=\"accordion-inner\" aria-labelledby=\"accordion-1512118049-label\">\n\t\t\t\n<ol>\n<li class=\"p1\">Avant tout il est important de <span style=\"color: #009ee3;\">fermer l&#8217;alimentation \u00e9lectrique<\/span> de votre fournaise.<\/li>\n<\/ol>\n<p class=\"p1\">\u00a0 \u00a0 2.\u00a0Le filtre est toujours<span style=\"color: #009ee3;\"> plac\u00e9 du c\u00f4t\u00e9 du retour d&#8217;air<\/span>. Du c\u00f4t\u00e9 de la fournaise qui aspire l&#8217;air de la maison<\/p>\n<p class=\"p1\">\u00a0 \u00a0 3.\u00a0Le filtre est souvent <span style=\"color: #009ee3;\">situ\u00e9 \u00e0 m\u00eame la fournaise<\/span>, dans le bas de celle-ci. Vous pourrez le trouver \u00e0 cet endroit en d\u00e9vissant une petite plaque ou en soulevant de petits clips ou en retirant une porte avec une poign\u00e9e de gauche \u00e0 droite ou dans un espace pr\u00e9vu \u00e0 cet effet dans les conduits de retour. L&#8217;espace a toujours une mesure qui couvre sa surface.<\/p>\n<p class=\"p1\"><strong>Exemple:<\/strong> 20\u2019\u2019x 20\u2019\u2019 et une \u00e9paisseur qui variera de 1&#8221; jusqu&#8217;\u00e0 5&#8221;. Vous pouvez aussi avoir un support \u00e0 filtre de marque connu comme Honeywell, \u00c9lectroair, Respicaire, Aprilair et autres.<\/p>\n<p class=\"p1\">( Photo exemple de type de support \u00e0 filtre)<\/p>\n\t\t<\/div>\n\t<\/div>\n\t\n\t<div id=\"accordion-2252341250\" class=\"accordion-item\">\n\t\t<a id=\"accordion-2252341250-label\" class=\"accordion-title plain\" href=\"#accordion-item-quelle-taille-a-mon-filtre-?\" aria-expanded=\"false\" aria-controls=\"accordion-2252341250-content\">\n\t\t\t<button class=\"toggle\" aria-label=\"Toggle\"><i class=\"icon-angle-down\" aria-hidden=\"true\"><\/i><\/button>\n\t\t\t<span>Quelle taille a mon filtre ?<\/span>\n\t\t<\/a>\n\t\t<div id=\"accordion-2252341250-content\" class=\"accordion-inner\" aria-labelledby=\"accordion-2252341250-label\">\n\t\t\t\n<p class=\"p1\">Une fois le filtre retir\u00e9, vous pourrez le mesurer ou v\u00e9rifier le pourtour pour trouver une \u00e9tiquette sur le filtre; il y a toujours la <span style=\"color: #009ee3;\">grandeur nominale<\/span> et la <span style=\"color: #009ee3;\">grandeur r\u00e9elle<\/span>.\u00a0La grandeur nominale est toujours 1\/4&#8221; de plus que la grandeur r\u00e9elle.<\/p>\n<p class=\"p1\"><strong>Exemple\u00a0:<span class=\"Apple-converted-space\">\u00a0 <\/span><\/strong>la grandeur r\u00e9elle d&#8217;un filtre est de 19 3\/4 X 19 3\/4 X 3\/4&#8221; la grandeur nominale sera de 20x20x1.<\/p>\n\t\t<\/div>\n\t<\/div>\n\t\n\t<div id=\"accordion-3382801074\" class=\"accordion-item\">\n\t\t<a id=\"accordion-3382801074-label\" class=\"accordion-title plain\" href=\"#accordion-item-fr\u00e9quence-de-remplacement-d&#039;un-filtre-?\" aria-expanded=\"false\" aria-controls=\"accordion-3382801074-content\">\n\t\t\t<button class=\"toggle\" aria-label=\"Toggle\"><i class=\"icon-angle-down\" aria-hidden=\"true\"><\/i><\/button>\n\t\t\t<span>Fr\u00e9quence de remplacement d'un filtre ?<\/span>\n\t\t<\/a>\n\t\t<div id=\"accordion-3382801074-content\" class=\"accordion-inner\" aria-labelledby=\"accordion-3382801074-label\">\n\t\t\t\n<p class=\"p1\"><span style=\"color: #009ee3;\">Certains facteurs influencent la dur\u00e9e d&#8217;un filtre<\/span>,<span class=\"Apple-converted-space\">\u00a0 <\/span>comme laisser la ventilation en marche 24hrs sur 24 ou seulement lors de demande de climatisation ou chauffage, les animaux, le nombre d&#8217;occupants, la propret\u00e9 g\u00e9n\u00e9rale de la maison, un sous-sol avec ou sans finition OU lorsque vous faites des travaux dans la maison par exemple\u00a0: sablage de pl\u00e2tre ou plancher.<\/p>\n<p class=\"p1\"><strong>Exemple :<\/strong><\/p>\n<ul>\n<li class=\"p1\">Un filtre de 1&#8221; dure environ un mois de fonctionnement<\/li>\n<li class=\"p1\">Un filtre de 2&#8221; dure environ 2-3 mois de fonctionnement<\/li>\n<li class=\"p1\">Un filtre de 4&#8221; dure de 4 \u00e0 6 mois de fonctionnement<\/li>\n<\/ul>\n<p class=\"p1\">Le fait est qu&#8217;un filtre de 1&#8221; a moins de surface pour capter la poussi\u00e8re qu&#8217;un filtre de 4&#8221;<\/p>\n\t\t<\/div>\n\t<\/div>\n\t\n<p class=\"p1\"><span class=\"s1\">\t<div id=\"accordion-1519198305\" class=\"accordion-item\">\n\t\t<a id=\"accordion-1519198305-label\" class=\"accordion-title plain\" href=\"#accordion-item-quelle-est-la-diff\u00e9rence-entre-les-merv-?\" aria-expanded=\"false\" aria-controls=\"accordion-1519198305-content\">\n\t\t\t<button class=\"toggle\" aria-label=\"Toggle\"><i class=\"icon-angle-down\" aria-hidden=\"true\"><\/i><\/button>\n\t\t\t<span>Quelle est la diff\u00e9rence entre les MERV ?<\/span>\n\t\t<\/a>\n\t\t<div id=\"accordion-1519198305-content\" class=\"accordion-inner\" aria-labelledby=\"accordion-1519198305-label\">\n\t\t\t<\/span><\/p>\n<p class=\"p1\"><img decoding=\"async\" class=\"alignnone size-full wp-image-913\" src=\"https:\/\/www.filtre-a-fournaise.ca\/wordpress\/wp-content\/uploads\/comparaison-MERV-01.png\" alt=\"comparaison MERV-01\" width=\"864\" height=\"702\" srcset=\"https:\/\/www.filtre-a-fournaise.ca\/wordpress\/wp-content\/uploads\/comparaison-MERV-01.png 864w, https:\/\/www.filtre-a-fournaise.ca\/wordpress\/wp-content\/uploads\/comparaison-MERV-01-510x414.png 510w, https:\/\/www.filtre-a-fournaise.ca\/wordpress\/wp-content\/uploads\/comparaison-MERV-01-200x163.png 200w, https:\/\/www.filtre-a-fournaise.ca\/wordpress\/wp-content\/uploads\/comparaison-MERV-01-768x624.png 768w\" sizes=\"(max-width: 864px) 100vw, 864px\" \/><\/p>\n<p class=\"p1\"><span class=\"s1\">Premi\u00e8rement<span class=\"Apple-converted-space\">\u00a0 <\/span>MERV est : une COTE<span class=\"Apple-converted-space\">\u00a0 <\/span>M=minimum =E=efficiency<span class=\"Apple-converted-space\">\u00a0 <\/span>R=reporting V=value plus connue sous le nom de cote MERV. En Fran\u00e7ais; Rapport d\u2019\u00e9valuation de l\u2019efficacit\u00e9 minimum.<\/span><\/p>\n<p class=\"p2\"><strong><span class=\"s2\">En r\u00e9sum\u00e9\u00a0:<\/span><\/strong><\/p>\n<p class=\"p2\"><span class=\"s1\">Plus le chiffre est \u00e9lev\u00e9 plus le filtre r\u00e9cup\u00e8re de fines particules de poussi\u00e8re.<\/span><\/p>\n<p class=\"p2\"><span class=\"s1\">Sur le march\u00e9, la cote MERV varie en moyenne entre 8 et 13 MERV.<\/span><\/p>\n<p class=\"p2\"><span class=\"s1\">8 de MERV \u00e9tant d\u2019une qualit\u00e9 standard et 13 d\u2019une qualit\u00e9 sup\u00e9rieure<\/span><\/p>\n<p class=\"p2\"><strong><span class=\"s2\">Avantages et d\u00e9savantages<\/span><\/strong><\/p>\n<p class=\"p2\"><span class=\"s1\">Filtre de 13 MERV r\u00e9cup\u00e8re de plus fines particules de poussi\u00e8re qu\u2019un filtre de 8 Merv.<\/span><\/p>\n<p class=\"p2\"><span class=\"s1\">Par contre le prix d\u2019un filtre de 13 MERV sera plus \u00e9lev\u00e9 qu\u2019un de 8 MERV.<\/span><\/p>\n<p class=\"p2\"><span class=\"s1\">Aussi comme le filtre de 13 MERV r\u00e9cup\u00e8rera de plus fines particules de poussi\u00e8re il en r\u00e9sulte qu\u2019il se salira plus vite, ainsi pour ne pas obstruer votre syst\u00e8me de ventilation il devra \u00eatre remplac\u00e9 \u00e0 plus courte fr\u00e9quence.<\/span><\/p>\n<p class=\"p2\"><strong><span class=\"s2\">Solution avantageuse<\/span><\/strong><\/p>\n<p class=\"p2\"><span class=\"s1\">Acheter un filtre d\u2019une qualit\u00e9 standard 8 MERV ou performant 11 Merv et le remplacer \u00e0 une fr\u00e9quence rapproch\u00e9e selon l\u2019\u00e9paisseur du filtre. Ainsi le filtre laisse passer suffisamment d\u2019air pour vos \u00e9quipements tel que votre \u00e9l\u00e9ment \u00e9lectrique ou serpentin de r\u00e9frig\u00e9ration. Ces \u00e9quipements sont tr\u00e8s influenc\u00e9s par la quantit\u00e9 d\u2019air.<\/span><\/p>\n<p class=\"p2\"><strong><span class=\"s2\">Un peu d\u2019histoire<\/span><\/strong><\/p>\n<p class=\"p1\"><span class=\"s1\">C\u2019est une \u00e9chelle de mesure con\u00e7ue en 1987 par L\u2019American Society of Heating, Refirgeration and Air-Conditionning Engineers (ASHRAE) pour mesurer l\u2019efficacit\u00e9 des filtres \u00e0 air.\u00a0<\/span><\/p>\n<p class=\"p1\"><span class=\"s1\">Cette \u00e9chelle a permis d\u2019\u00e9mettre des standards et ainsi am\u00e9liorer la sant\u00e9 et de r\u00e9duire les co\u00fbts de chauffage, ventilation et climatisation.<\/span><\/p>\n<p class=\"p1\"><span class=\"s1\">\t\t<\/div>\n\t<\/div>\n\t<\/span><\/p>\n<p class=\"p1\">\t<div id=\"accordion-932063790\" class=\"accordion-item\">\n\t\t<a id=\"accordion-932063790-label\" class=\"accordion-title plain\" href=\"#accordion-item-je-ne-trouve-pas-le-filtre-dont-j\u2019ai-besoin-!\" aria-expanded=\"false\" aria-controls=\"accordion-932063790-content\">\n\t\t\t<button class=\"toggle\" aria-label=\"Toggle\"><i class=\"icon-angle-down\" aria-hidden=\"true\"><\/i><\/button>\n\t\t\t<span>Je ne trouve pas le filtre dont j\u2019ai besoin !<\/span>\n\t\t<\/a>\n\t\t<div id=\"accordion-932063790-content\" class=\"accordion-inner\" aria-labelledby=\"accordion-932063790-label\">\n\t\t\t\n<p class=\"p1\"><span class=\"s1\">Si vous ne trouvez pas le filtre dont vous avez besoin, pas de probl\u00e8me. Il suffit de communiquer avec notre service \u00e0 la client\u00e8le et nous pourrons vous aider. <\/span><span class=\"s1\">Nous avons acc\u00e8s \u00e0 plusieurs marques et grandeurs de filtres. Il est aussi possible de faire fabriquer des filtres sur mesure. <\/span><span class=\"s1\">Apr\u00e8s vous avoir pos\u00e9 quelques questions, nous serons en mesure de vous donner le prix et la disponibilit\u00e9.<\/span><\/p>\n<p class=\"p1\"><span class=\"s1\">Si vous \u00eates dans cette situation, nous vous invitons \u00e0 nous contacter soit par t\u00e9l\u00e9phone ou par courriel. Si c\u2019est possible, envoyez-nous une photo de votre filtre existant.<\/span><\/p>\n<p class=\"p2\"><span class=\"s2\">T 450-669-1926 ou <a href=\"mailto:info@nouvel-air.com\"><span class=\"s3\">info@nouvel-air.com<\/span><\/a><\/span><\/p>\n<p class=\"p1\">\t\t<\/div>\n\t<\/div>\n\t\n<p class=\"p1\"><\/div>\n<h2><\/h2>\n","protected":false},"excerpt":{"rendered":"<p class=\"p1\"><span class=\"s1\"><strong>E110-TF \u00a0Aldes <strong><strong>Air Exchanger\u00a0<strong>Filter<\/strong>\u00a0Caracteristics\u00a0<\/strong><\/strong><\/strong><\/span><\/p>\n<ul>\n<li>Aldes filters are sold in packs of 2 filters, measuring 7 \u00be or X 11<\/li>\n<li>High efficiency filter available in MERV 6 N612409 or MERV 13 N613410.<\/li>\n<li>These filters absorb and trap impurities as well as pollen from ambient air.<\/li>\n<li>It is recommended that these Merv 13 filters be changed before each season, the Merv 6 can be washed a few times between replacements.<\/li>\n<\/ul>\n","protected":false},"featured_media":1315,"comment_status":"open","ping_status":"closed","template":"","meta":[],"product_brand":[],"product_cat":[23,38,24],"product_tag":[402],"class_list":{"0":"post-1473","1":"product","2":"type-product","3":"status-publish","4":"has-post-thumbnail","6":"product_cat-perbrand","7":"product_cat-perquality","8":"product_cat-persize","9":"product_tag-e110-tf-aeromatic-en","11":"first","12":"instock","13":"taxable","14":"shipping-taxable","15":"purchasable","16":"product-type-variable"},"yoast_head":"<!-- This site is optimized with the Yoast SEO plugin v26.2 - https:\/\/yoast.com\/wordpress\/plugins\/seo\/ -->\n<title>E110-TF A\u00e9romatic air exchanger filter<\/title>\n<meta name=\"description\" content=\"E110-TF A\u00e9romatic air exchanger filter. These filters absorb and trap impurities as well as pollen from the ambient air.\" \/>\n<meta name=\"robots\" content=\"index, follow, max-snippet:-1, max-image-preview:large, max-video-preview:-1\" \/>\n<link rel=\"canonical\" href=\"https:\/\/www.filtre-a-fournaise.ca\/en\/produit\/air-filters-e110-tf\/\" \/>\n<meta property=\"og:locale\" content=\"en_US\" \/>\n<meta property=\"og:type\" content=\"article\" \/>\n<meta property=\"og:title\" content=\"E110-TF A\u00e9romatic air exchanger filter\" \/>\n<meta property=\"og:description\" content=\"E110-TF A\u00e9romatic air exchanger filter. These filters absorb and trap impurities as well as pollen from the ambient air.\" \/>\n<meta property=\"og:url\" content=\"https:\/\/www.filtre-a-fournaise.ca\/en\/produit\/air-filters-e110-tf\/\" \/>\n<meta property=\"og:site_name\" content=\"Filtre \u00e0 fournaise - Nouvelair\" \/>\n<meta property=\"article:publisher\" content=\"https:\/\/www.facebook.com\/Climatisation-Nouvel-Air-127909337222954\/\" \/>\n<meta property=\"article:modified_time\" content=\"2023-07-18T19:29:42+00:00\" \/>\n<meta property=\"og:image\" content=\"http:\/\/www.filtre-a-fournaise.ca\/wordpress\/wp-content\/uploads\/Filtre-HE.jpg\" \/>\n\t<meta property=\"og:image:width\" content=\"900\" \/>\n\t<meta property=\"og:image:height\" content=\"599\" \/>\n\t<meta property=\"og:image:type\" content=\"image\/jpeg\" \/>\n<meta name=\"twitter:card\" content=\"summary_large_image\" \/>\n<meta name=\"twitter:label1\" content=\"Est. reading time\" \/>\n\t<meta name=\"twitter:data1\" content=\"6 minutes\" \/>\n<script type=\"application\/ld+json\" class=\"yoast-schema-graph\">{\"@context\":\"https:\/\/schema.org\",\"@graph\":[{\"@type\":\"WebPage\",\"@id\":\"https:\/\/www.filtre-a-fournaise.ca\/en\/produit\/air-filters-e110-tf\/\",\"url\":\"https:\/\/www.filtre-a-fournaise.ca\/en\/produit\/air-filters-e110-tf\/\",\"name\":\"E110-TF A\u00e9romatic air exchanger filter\",\"isPartOf\":{\"@id\":\"https:\/\/www.filtre-a-fournaise.ca\/#website\"},\"primaryImageOfPage\":{\"@id\":\"https:\/\/www.filtre-a-fournaise.ca\/en\/produit\/air-filters-e110-tf\/#primaryimage\"},\"image\":{\"@id\":\"https:\/\/www.filtre-a-fournaise.ca\/en\/produit\/air-filters-e110-tf\/#primaryimage\"},\"thumbnailUrl\":\"https:\/\/www.filtre-a-fournaise.ca\/wordpress\/wp-content\/uploads\/Filtre-HE.jpg\",\"datePublished\":\"2016-08-01T15:23:45+00:00\",\"dateModified\":\"2023-07-18T19:29:42+00:00\",\"description\":\"E110-TF A\u00e9romatic air exchanger filter. These filters absorb and trap impurities as well as pollen from the ambient air.\",\"breadcrumb\":{\"@id\":\"https:\/\/www.filtre-a-fournaise.ca\/en\/produit\/air-filters-e110-tf\/#breadcrumb\"},\"inLanguage\":\"en-US\",\"potentialAction\":[{\"@type\":\"ReadAction\",\"target\":[\"https:\/\/www.filtre-a-fournaise.ca\/en\/produit\/air-filters-e110-tf\/\"]}]},{\"@type\":\"ImageObject\",\"inLanguage\":\"en-US\",\"@id\":\"https:\/\/www.filtre-a-fournaise.ca\/en\/produit\/air-filters-e110-tf\/#primaryimage\",\"url\":\"https:\/\/www.filtre-a-fournaise.ca\/wordpress\/wp-content\/uploads\/Filtre-HE.jpg\",\"contentUrl\":\"https:\/\/www.filtre-a-fournaise.ca\/wordpress\/wp-content\/uploads\/Filtre-HE.jpg\",\"width\":900,\"height\":599},{\"@type\":\"BreadcrumbList\",\"@id\":\"https:\/\/www.filtre-a-fournaise.ca\/en\/produit\/air-filters-e110-tf\/#breadcrumb\",\"itemListElement\":[{\"@type\":\"ListItem\",\"position\":1,\"name\":\"Accueil\",\"item\":\"https:\/\/www.filtre-a-fournaise.ca\/en\/\"},{\"@type\":\"ListItem\",\"position\":2,\"name\":\"Boutique\",\"item\":\"https:\/\/www.filtre-a-fournaise.ca\/en\/boutique\/\"},{\"@type\":\"ListItem\",\"position\":3,\"name\":\"Air Exchanger Filter E110-TF Aldes\"}]},{\"@type\":\"WebSite\",\"@id\":\"https:\/\/www.filtre-a-fournaise.ca\/#website\",\"url\":\"https:\/\/www.filtre-a-fournaise.ca\/\",\"name\":\"Filtre \u00e0 fournaise - Nouvelair\",\"description\":\"\",\"potentialAction\":[{\"@type\":\"SearchAction\",\"target\":{\"@type\":\"EntryPoint\",\"urlTemplate\":\"https:\/\/www.filtre-a-fournaise.ca\/?s={search_term_string}\"},\"query-input\":{\"@type\":\"PropertyValueSpecification\",\"valueRequired\":true,\"valueName\":\"search_term_string\"}}],\"inLanguage\":\"en-US\"}]}<\/script>\n<!-- \/ Yoast SEO plugin. -->","yoast_head_json":{"title":"E110-TF A\u00e9romatic air exchanger filter","description":"E110-TF A\u00e9romatic air exchanger filter. These filters absorb and trap impurities as well as pollen from the ambient air.","robots":{"index":"index","follow":"follow","max-snippet":"max-snippet:-1","max-image-preview":"max-image-preview:large","max-video-preview":"max-video-preview:-1"},"canonical":"https:\/\/www.filtre-a-fournaise.ca\/en\/produit\/air-filters-e110-tf\/","og_locale":"en_US","og_type":"article","og_title":"E110-TF A\u00e9romatic air exchanger filter","og_description":"E110-TF A\u00e9romatic air exchanger filter. These filters absorb and trap impurities as well as pollen from the ambient air.","og_url":"https:\/\/www.filtre-a-fournaise.ca\/en\/produit\/air-filters-e110-tf\/","og_site_name":"Filtre \u00e0 fournaise - Nouvelair","article_publisher":"https:\/\/www.facebook.com\/Climatisation-Nouvel-Air-127909337222954\/","article_modified_time":"2023-07-18T19:29:42+00:00","og_image":[{"width":900,"height":599,"url":"http:\/\/www.filtre-a-fournaise.ca\/wordpress\/wp-content\/uploads\/Filtre-HE.jpg","type":"image\/jpeg"}],"twitter_card":"summary_large_image","twitter_misc":{"Est. reading time":"6 minutes"},"schema":{"@context":"https:\/\/schema.org","@graph":[{"@type":"WebPage","@id":"https:\/\/www.filtre-a-fournaise.ca\/en\/produit\/air-filters-e110-tf\/","url":"https:\/\/www.filtre-a-fournaise.ca\/en\/produit\/air-filters-e110-tf\/","name":"E110-TF A\u00e9romatic air exchanger filter","isPartOf":{"@id":"https:\/\/www.filtre-a-fournaise.ca\/#website"},"primaryImageOfPage":{"@id":"https:\/\/www.filtre-a-fournaise.ca\/en\/produit\/air-filters-e110-tf\/#primaryimage"},"image":{"@id":"https:\/\/www.filtre-a-fournaise.ca\/en\/produit\/air-filters-e110-tf\/#primaryimage"},"thumbnailUrl":"https:\/\/www.filtre-a-fournaise.ca\/wordpress\/wp-content\/uploads\/Filtre-HE.jpg","datePublished":"2016-08-01T15:23:45+00:00","dateModified":"2023-07-18T19:29:42+00:00","description":"E110-TF A\u00e9romatic air exchanger filter. These filters absorb and trap impurities as well as pollen from the ambient air.","breadcrumb":{"@id":"https:\/\/www.filtre-a-fournaise.ca\/en\/produit\/air-filters-e110-tf\/#breadcrumb"},"inLanguage":"en-US","potentialAction":[{"@type":"ReadAction","target":["https:\/\/www.filtre-a-fournaise.ca\/en\/produit\/air-filters-e110-tf\/"]}]},{"@type":"ImageObject","inLanguage":"en-US","@id":"https:\/\/www.filtre-a-fournaise.ca\/en\/produit\/air-filters-e110-tf\/#primaryimage","url":"https:\/\/www.filtre-a-fournaise.ca\/wordpress\/wp-content\/uploads\/Filtre-HE.jpg","contentUrl":"https:\/\/www.filtre-a-fournaise.ca\/wordpress\/wp-content\/uploads\/Filtre-HE.jpg","width":900,"height":599},{"@type":"BreadcrumbList","@id":"https:\/\/www.filtre-a-fournaise.ca\/en\/produit\/air-filters-e110-tf\/#breadcrumb","itemListElement":[{"@type":"ListItem","position":1,"name":"Accueil","item":"https:\/\/www.filtre-a-fournaise.ca\/en\/"},{"@type":"ListItem","position":2,"name":"Boutique","item":"https:\/\/www.filtre-a-fournaise.ca\/en\/boutique\/"},{"@type":"ListItem","position":3,"name":"Air Exchanger Filter E110-TF Aldes"}]},{"@type":"WebSite","@id":"https:\/\/www.filtre-a-fournaise.ca\/#website","url":"https:\/\/www.filtre-a-fournaise.ca\/","name":"Filtre \u00e0 fournaise - Nouvelair","description":"","potentialAction":[{"@type":"SearchAction","target":{"@type":"EntryPoint","urlTemplate":"https:\/\/www.filtre-a-fournaise.ca\/?s={search_term_string}"},"query-input":{"@type":"PropertyValueSpecification","valueRequired":true,"valueName":"search_term_string"}}],"inLanguage":"en-US"}]}},"_links":{"self":[{"href":"https:\/\/www.filtre-a-fournaise.ca\/en\/wp-json\/wp\/v2\/product\/1473","targetHints":{"allow":["GET"]}}],"collection":[{"href":"https:\/\/www.filtre-a-fournaise.ca\/en\/wp-json\/wp\/v2\/product"}],"about":[{"href":"https:\/\/www.filtre-a-fournaise.ca\/en\/wp-json\/wp\/v2\/types\/product"}],"replies":[{"embeddable":true,"href":"https:\/\/www.filtre-a-fournaise.ca\/en\/wp-json\/wp\/v2\/comments?post=1473"}],"wp:featuredmedia":[{"embeddable":true,"href":"https:\/\/www.filtre-a-fournaise.ca\/en\/wp-json\/wp\/v2\/media\/1315"}],"wp:attachment":[{"href":"https:\/\/www.filtre-a-fournaise.ca\/en\/wp-json\/wp\/v2\/media?parent=1473"}],"wp:term":[{"taxonomy":"product_brand","embeddable":true,"href":"https:\/\/www.filtre-a-fournaise.ca\/en\/wp-json\/wp\/v2\/product_brand?post=1473"},{"taxonomy":"product_cat","embeddable":true,"href":"https:\/\/www.filtre-a-fournaise.ca\/en\/wp-json\/wp\/v2\/product_cat?post=1473"},{"taxonomy":"product_tag","embeddable":true,"href":"https:\/\/www.filtre-a-fournaise.ca\/en\/wp-json\/wp\/v2\/product_tag?post=1473"}],"curies":[{"name":"wp","href":"https:\/\/api.w.org\/{rel}","templated":true}]}}